{"id":146,"date":"2022-02-17T11:54:53","date_gmt":"2022-02-17T10:54:53","guid":{"rendered":"https:\/\/projekt-professur.de\/?page_id=146"},"modified":"2022-09-30T13:49:56","modified_gmt":"2022-09-30T11:49:56","slug":"impressum","status":"publish","type":"page","link":"https:\/\/projektprofessur.de\/en\/impressum\/","title":{"rendered":"Imprint"},"content":{"rendered":"<h1>\n\t\tImprint\n\t<\/h1>\n<h2>\n\t\tPublisher\n\t<\/h2>\n\t<p><strong>Hanover University<\/strong><\/p>\n<strong>President<\/strong><br>\nExpo Plaza 4<br>\n30539 Hanover\n&nbsp;<a href=\"tel:+49 511 9296-0\">+49 511 9296-0<\/a><br>\n&nbsp;<a href=\"mailto:poststelle@hs-hannover.de\">mailroom(at)hs-hannover.de<\/a>\n\t<p>Hannover University of Applied Sciences and Arts is a public corporation. It is governed by the&nbsp;<a title=\"Opens external link in current window\" href=\"https:\/\/www.hs-hannover.de\/ueber-uns\/organe-und-gremien\/praesidium\/\">President or the President<\/a>&nbsp;legally represented.<\/p>\n<h2>\n\t\tCompetent supervisory authority\n\t<\/h2>\n\t<p>Lower Saxony Ministry of Science and Culture (MWK), Leibnizufer 9, 30169 Hanover<\/p>\n<h2>\n\t\tValue added tax identification number according to \u00a7 27a Umsatzsteuergsetz (German Value Added Tax Act)\n\t<\/h2>\n\t<p>DE220492476<\/p>\n<h2>\n\t\tResponsible for content according to \u00a7 55 para. 2 RStV\n\t<\/h2>\n\t<p>The person named in the foot is responsible for the content of the information provided on the university's central internet server.<\/p>\nIn addition, there are decentralised offers from other organisational units of the university, for which the respective responsible persons can be found in the respective imprint and at the bottom of the respective page.<br>\nLiability notice\n<p>Despite careful control of the content, we assume no liability for the content of external links. The operators of the linked pages are solely responsible for their content.<\/p>\n<p>Copyright information<\/p>\n<p>The content of these web pages is protected by copyright. All illustrations and photos on the university's web pages are its property and may not be adopted, reproduced or distributed without its permission.<\/p>","protected":false},"excerpt":{"rendered":"<p>Impressum Herausgeber Hochschule Hannover Pr\u00e4sident\/in Expo Plaza 4 30539 Hannover &nbsp;+49 511 9296-0 &nbsp;poststelle(at)hs-hannover.de Die Hochschule Hannover ist eine K\u00f6rperschaft des \u00f6ffentlichen Rechts. Sie wird durch die&nbsp;Pr\u00e4sidentin oder den Pr\u00e4sidenten&nbsp;gesetzlich vertreten. Zust\u00e4ndige Aufsichtsbeh\u00f6rde Nieders\u00e4chsisches Ministerium f\u00fcr Wissenschaft und Kultur (MWK), Leibnizufer 9, 30169 Hannover Umsatzsteueridentifikationsnummer gem\u00e4\u00df \u00a7 27a Umsatzsteuergsetz DE220492476 Inhaltlich Verantwortliche gem\u00e4\u00df \u00a7 55 [&hellip;]<\/p>\n","protected":false},"author":2,"featured_media":0,"parent":0,"menu_order":0,"comment_status":"closed","ping_status":"open","template":"","meta":{"inline_featured_image":false,"ocean_post_layout":"full-screen","ocean_both_sidebars_style":"","ocean_both_sidebars_content_width":0,"ocean_both_sidebars_sidebars_width":0,"ocean_sidebar":"0","ocean_second_sidebar":"0","ocean_disable_margins":"enable","ocean_add_body_class":"","ocean_shortcode_before_top_bar":"","ocean_shortcode_after_top_bar":"","ocean_shortcode_before_header":"","ocean_shortcode_after_header":"","ocean_has_shortcode":"","ocean_shortcode_after_title":"","ocean_shortcode_before_footer_widgets":"","ocean_shortcode_after_footer_widgets":"","ocean_shortcode_before_footer_bottom":"","ocean_shortcode_after_footer_bottom":"","ocean_display_top_bar":"default","ocean_display_header":"default","ocean_header_style":"","ocean_center_header_left_menu":"0","ocean_custom_header_template":"0","ocean_custom_logo":0,"ocean_custom_retina_logo":0,"ocean_custom_logo_max_width":0,"ocean_custom_logo_tablet_max_width":0,"ocean_custom_logo_mobile_max_width":0,"ocean_custom_logo_max_height":0,"ocean_custom_logo_tablet_max_height":0,"ocean_custom_logo_mobile_max_height":0,"ocean_header_custom_menu":"0","ocean_menu_typo_font_family":"0","ocean_menu_typo_font_subset":"","ocean_menu_typo_font_size":0,"ocean_menu_typo_font_size_tablet":0,"ocean_menu_typo_font_size_mobile":0,"ocean_menu_typo_font_size_unit":"px","ocean_menu_typo_font_weight":"","ocean_menu_typo_font_weight_tablet":"","ocean_menu_typo_font_weight_mobile":"","ocean_menu_typo_transform":"","ocean_menu_typo_transform_tablet":"","ocean_menu_typo_transform_mobile":"","ocean_menu_typo_line_height":0,"ocean_menu_typo_line_height_tablet":0,"ocean_menu_typo_line_height_mobile":0,"ocean_menu_typo_line_height_unit":"","ocean_menu_typo_spacing":0,"ocean_menu_typo_spacing_tablet":0,"ocean_menu_typo_spacing_mobile":0,"ocean_menu_typo_spacing_unit":"","ocean_menu_link_color":"","ocean_menu_link_color_hover":"","ocean_menu_link_color_active":"","ocean_menu_link_background":"","ocean_menu_link_hover_background":"","ocean_menu_link_active_background":"","ocean_menu_social_links_bg":"","ocean_menu_social_hover_links_bg":"","ocean_menu_social_links_color":"","ocean_menu_social_hover_links_color":"","ocean_disable_title":"on","ocean_disable_heading":"default","ocean_post_title":"","ocean_post_subheading":"","ocean_post_title_style":"","ocean_post_title_background_color":"","ocean_post_title_background":0,"ocean_post_title_bg_image_position":"","ocean_post_title_bg_image_attachment":"","ocean_post_title_bg_image_repeat":"","ocean_post_title_bg_image_size":"","ocean_post_title_height":0,"ocean_post_title_bg_overlay":0.5,"ocean_post_title_bg_overlay_color":"","ocean_disable_breadcrumbs":"default","ocean_breadcrumbs_color":"","ocean_breadcrumbs_separator_color":"","ocean_breadcrumbs_links_color":"","ocean_breadcrumbs_links_hover_color":"","ocean_display_footer_widgets":"default","ocean_display_footer_bottom":"default","ocean_custom_footer_template":"0","footnotes":""},"class_list":["post-146","page","type-page","status-publish","hentry","entry"],"yoast_head":"<!-- This site is optimized with the Yoast SEO plugin v27.5 - https:\/\/yoast.com\/product\/yoast-seo-wordpress\/ -->\n<title>Impressum - Projekt PROfessur<\/title>\n<meta name=\"robots\" content=\"index, follow, max-snippet:-1, max-image-preview:large, max-video-preview:-1\" \/>\n<link rel=\"canonical\" href=\"https:\/\/projektprofessur.de\/en\/impressum\/\" \/>\n<meta property=\"og:locale\" content=\"en_GB\" \/>\n<meta property=\"og:type\" content=\"article\" \/>\n<meta property=\"og:title\" content=\"Impressum - Projekt PROfessur\" \/>\n<meta property=\"og:description\" content=\"Impressum Herausgeber Hochschule Hannover Pr\u00e4sident\/in Expo Plaza 4 30539 Hannover &nbsp;+49 511 9296-0 &nbsp;poststelle(at)hs-hannover.de Die Hochschule Hannover ist eine K\u00f6rperschaft des \u00f6ffentlichen Rechts. Sie wird durch die&nbsp;Pr\u00e4sidentin oder den Pr\u00e4sidenten&nbsp;gesetzlich vertreten. Zust\u00e4ndige Aufsichtsbeh\u00f6rde Nieders\u00e4chsisches Ministerium f\u00fcr Wissenschaft und Kultur (MWK), Leibnizufer 9, 30169 Hannover Umsatzsteueridentifikationsnummer gem\u00e4\u00df \u00a7 27a Umsatzsteuergsetz DE220492476 Inhaltlich Verantwortliche gem\u00e4\u00df \u00a7 55 [&hellip;]\" \/>\n<meta property=\"og:url\" content=\"https:\/\/projektprofessur.de\/en\/impressum\/\" \/>\n<meta property=\"og:site_name\" content=\"Projekt PROfessur\" \/>\n<meta property=\"article:modified_time\" content=\"2022-09-30T11:49:56+00:00\" \/>\n<meta name=\"twitter:card\" content=\"summary_large_image\" \/>\n<meta name=\"twitter:label1\" content=\"Estimated reading time\" \/>\n\t<meta name=\"twitter:data1\" content=\"1 minute\" \/>\n<script type=\"application\/ld+json\" class=\"yoast-schema-graph\">{\"@context\":\"https:\\\/\\\/schema.org\",\"@graph\":[{\"@type\":\"WebPage\",\"@id\":\"https:\\\/\\\/projektprofessur.de\\\/impressum\\\/\",\"url\":\"https:\\\/\\\/projektprofessur.de\\\/impressum\\\/\",\"name\":\"Impressum - Projekt PROfessur\",\"isPartOf\":{\"@id\":\"https:\\\/\\\/projektprofessur.de\\\/#website\"},\"datePublished\":\"2022-02-17T10:54:53+00:00\",\"dateModified\":\"2022-09-30T11:49:56+00:00\",\"breadcrumb\":{\"@id\":\"https:\\\/\\\/projektprofessur.de\\\/impressum\\\/#breadcrumb\"},\"inLanguage\":\"en-GB\",\"potentialAction\":[{\"@type\":\"ReadAction\",\"target\":[\"https:\\\/\\\/projektprofessur.de\\\/impressum\\\/\"]}]},{\"@type\":\"BreadcrumbList\",\"@id\":\"https:\\\/\\\/projektprofessur.de\\\/impressum\\\/#breadcrumb\",\"itemListElement\":[{\"@type\":\"ListItem\",\"position\":1,\"name\":\"Home\",\"item\":\"https:\\\/\\\/projektprofessur.de\\\/\"},{\"@type\":\"ListItem\",\"position\":2,\"name\":\"Impressum\"}]},{\"@type\":\"WebSite\",\"@id\":\"https:\\\/\\\/projektprofessur.de\\\/#website\",\"url\":\"https:\\\/\\\/projektprofessur.de\\\/\",\"name\":\"Projekt PROfessur\",\"description\":\"\",\"publisher\":{\"@id\":\"https:\\\/\\\/projektprofessur.de\\\/#organization\"},\"potentialAction\":[{\"@type\":\"SearchAction\",\"target\":{\"@type\":\"EntryPoint\",\"urlTemplate\":\"https:\\\/\\\/projektprofessur.de\\\/?s={search_term_string}\"},\"query-input\":{\"@type\":\"PropertyValueSpecification\",\"valueRequired\":true,\"valueName\":\"search_term_string\"}}],\"inLanguage\":\"en-GB\"},{\"@type\":\"Organization\",\"@id\":\"https:\\\/\\\/projektprofessur.de\\\/#organization\",\"name\":\"Projekt PROfessur\",\"url\":\"https:\\\/\\\/projektprofessur.de\\\/\",\"logo\":{\"@type\":\"ImageObject\",\"inLanguage\":\"en-GB\",\"@id\":\"https:\\\/\\\/projektprofessur.de\\\/#\\\/schema\\\/logo\\\/image\\\/\",\"url\":\"https:\\\/\\\/projektprofessur.de\\\/wp-content\\\/uploads\\\/2022\\\/02\\\/logo.svg\",\"contentUrl\":\"https:\\\/\\\/projektprofessur.de\\\/wp-content\\\/uploads\\\/2022\\\/02\\\/logo.svg\",\"caption\":\"Projekt PROfessur\"},\"image\":{\"@id\":\"https:\\\/\\\/projektprofessur.de\\\/#\\\/schema\\\/logo\\\/image\\\/\"}}]}<\/script>\n<!-- \/ Yoast SEO plugin. -->","yoast_head_json":{"title":"Impressum - Projekt PROfessur","robots":{"index":"index","follow":"follow","max-snippet":"max-snippet:-1","max-image-preview":"max-image-preview:large","max-video-preview":"max-video-preview:-1"},"canonical":"https:\/\/projektprofessur.de\/en\/impressum\/","og_locale":"en_GB","og_type":"article","og_title":"Impressum - Projekt PROfessur","og_description":"Impressum Herausgeber Hochschule Hannover Pr\u00e4sident\/in Expo Plaza 4 30539 Hannover &nbsp;+49 511 9296-0 &nbsp;poststelle(at)hs-hannover.de Die Hochschule Hannover ist eine K\u00f6rperschaft des \u00f6ffentlichen Rechts. Sie wird durch die&nbsp;Pr\u00e4sidentin oder den Pr\u00e4sidenten&nbsp;gesetzlich vertreten. Zust\u00e4ndige Aufsichtsbeh\u00f6rde Nieders\u00e4chsisches Ministerium f\u00fcr Wissenschaft und Kultur (MWK), Leibnizufer 9, 30169 Hannover Umsatzsteueridentifikationsnummer gem\u00e4\u00df \u00a7 27a Umsatzsteuergsetz DE220492476 Inhaltlich Verantwortliche gem\u00e4\u00df \u00a7 55 [&hellip;]","og_url":"https:\/\/projektprofessur.de\/en\/impressum\/","og_site_name":"Projekt PROfessur","article_modified_time":"2022-09-30T11:49:56+00:00","twitter_card":"summary_large_image","twitter_misc":{"Estimated reading time":"1 minute"},"schema":{"@context":"https:\/\/schema.org","@graph":[{"@type":"WebPage","@id":"https:\/\/projektprofessur.de\/impressum\/","url":"https:\/\/projektprofessur.de\/impressum\/","name":"Impressum - Projekt PROfessur","isPartOf":{"@id":"https:\/\/projektprofessur.de\/#website"},"datePublished":"2022-02-17T10:54:53+00:00","dateModified":"2022-09-30T11:49:56+00:00","breadcrumb":{"@id":"https:\/\/projektprofessur.de\/impressum\/#breadcrumb"},"inLanguage":"en-GB","potentialAction":[{"@type":"ReadAction","target":["https:\/\/projektprofessur.de\/impressum\/"]}]},{"@type":"BreadcrumbList","@id":"https:\/\/projektprofessur.de\/impressum\/#breadcrumb","itemListElement":[{"@type":"ListItem","position":1,"name":"Home","item":"https:\/\/projektprofessur.de\/"},{"@type":"ListItem","position":2,"name":"Impressum"}]},{"@type":"WebSite","@id":"https:\/\/projektprofessur.de\/#website","url":"https:\/\/projektprofessur.de\/","name":"PROfessorship project","description":"","publisher":{"@id":"https:\/\/projektprofessur.de\/#organization"},"potentialAction":[{"@type":"SearchAction","target":{"@type":"EntryPoint","urlTemplate":"https:\/\/projektprofessur.de\/?s={search_term_string}"},"query-input":{"@type":"PropertyValueSpecification","valueRequired":true,"valueName":"search_term_string"}}],"inLanguage":"en-GB"},{"@type":"Organization","@id":"https:\/\/projektprofessur.de\/#organization","name":"PROfessorship project","url":"https:\/\/projektprofessur.de\/","logo":{"@type":"ImageObject","inLanguage":"en-GB","@id":"https:\/\/projektprofessur.de\/#\/schema\/logo\/image\/","url":"https:\/\/projektprofessur.de\/wp-content\/uploads\/2022\/02\/logo.svg","contentUrl":"https:\/\/projektprofessur.de\/wp-content\/uploads\/2022\/02\/logo.svg","caption":"Projekt PROfessur"},"image":{"@id":"https:\/\/projektprofessur.de\/#\/schema\/logo\/image\/"}}]}},"_links":{"self":[{"href":"https:\/\/projektprofessur.de\/en\/wp-json\/wp\/v2\/pages\/146","targetHints":{"allow":["GET"]}}],"collection":[{"href":"https:\/\/projektprofessur.de\/en\/wp-json\/wp\/v2\/pages"}],"about":[{"href":"https:\/\/projektprofessur.de\/en\/wp-json\/wp\/v2\/types\/page"}],"author":[{"embeddable":true,"href":"https:\/\/projektprofessur.de\/en\/wp-json\/wp\/v2\/users\/2"}],"replies":[{"embeddable":true,"href":"https:\/\/projektprofessur.de\/en\/wp-json\/wp\/v2\/comments?post=146"}],"version-history":[{"count":8,"href":"https:\/\/projektprofessur.de\/en\/wp-json\/wp\/v2\/pages\/146\/revisions"}],"predecessor-version":[{"id":441,"href":"https:\/\/projektprofessur.de\/en\/wp-json\/wp\/v2\/pages\/146\/revisions\/441"}],"wp:attachment":[{"href":"https:\/\/projektprofessur.de\/en\/wp-json\/wp\/v2\/media?parent=146"}],"curies":[{"name":"wp","href":"https:\/\/api.w.org\/{rel}","templated":true}]}}