{"id":173,"date":"2022-04-13T10:18:22","date_gmt":"2022-04-13T08:18:22","guid":{"rendered":"https:\/\/projekt-professur.de\/?page_id=173"},"modified":"2026-02-15T15:33:02","modified_gmt":"2026-02-15T14:33:02","slug":"ueber-uns","status":"publish","type":"page","link":"https:\/\/projektprofessur.de\/en\/ueber-uns\/","title":{"rendered":"About us"},"content":{"rendered":"<h1>\n\t\t\tAbout us\t<\/h1>\n\t<p>Developed in 2002 as an interdisciplinary project at Hannover University of Applied Sciences and Arts, the PROfessur project was initially funded by the Lower Saxony Ministry of Science and Culture. Since 2007, the project has been financed by the cooperating universities themselves. The project is coordinated by the office of the Central Equal Opportunities Officer at Hannover University of Applied Sciences and Arts.<\/p>\n\t<h2>Which cooperating universities are part of the PROfessur project?<\/h2>\n\t\t\t <p><a href=\"https:\/\/www.fh-aachen.de\/fh-aachen\/hochschulstruktur\/interessenvertretungen-und-beauftragte\/gleichstellung\" target=\"_blank\" rel=\"noopener\">Aachen University of Applied Sciences<\/a><\/p>\t\t\n\t\t\t <p><a href=\"https:\/\/www.hs-anhalt.de\/hochschule-anhalt\/profil\/beauftragte\/gleichstellung.html#panel1-Gepl\" target=\"_blank\" rel=\"noopener\">Anhalt University of Applied Sciences<\/a><\/p>\t\t\n\t\t\t <p><a href=\"https:\/\/www.hochschule-bochum.de\/die-bo\/hochschule\/gleichstellung\/zentrale-gleichstellungsbeauftragte\/\" target=\"_blank\">Bochum University<\/a><\/p>\n\t\t\t <p><a href=\"https:\/\/www.hs-emden-leer.de\/hochschule\/organisation\/einrichtungen\/gleichstellungsstelle\" target=\"_blank\">Emden\/Leer University of Applied Sciences<\/a><\/p>\n\t\t\t <p><a href=\"https:\/\/www.fh-dortmund.de\/service-einheiten\/gleichstellungsbuero.php\" target=\"_blank\" rel=\"noopener\">Dortmund University of Applied Sciences and Arts<\/a><\/p>\t\t\n\t\t\t <p><a href=\"https:\/\/www.haw-hamburg.de\/hochschule\/hochschuleinheiten\/gleichstellung\/ansprechpersonen\/gleichstellungsbeauftragte\/\" target=\"_blank\" rel=\"noopener\">Hamburg University of Applied Sciences<\/a><\/p>\t\t\n\t\t\t <p><a href=\"https:\/\/www.hs-hannover.de\/ueber-uns\/organisation\/gleichstellung\/\" target=\"_blank\">Hanover University<\/a><\/p>\n\t\t\t <p><a href=\"https:\/\/www.hs-harz.de\/gs\" target=\"_blank\" rel=\"noopener\">Hochschule Harz<\/a><\/p>\t\t\n\t\t\t <p><a href=\"https:\/\/www.hawk.de\/de\/hochschule\/organisation-und-personen\/zentrale-einrichtungen\/gleichstellungsbuero\" target=\"_blank\" rel=\"noopener\">University of Applied Sciences and Arts Hildesheim, Holzminden, G\u00f6ttingen<\/a><\/p>\t\t\n\t\t\t <p><a href=\"https:\/\/www.jade-hs.de\/unsere-hochschule\/organisation\/zentrale-bereiche\/gleichstellungsstelle\/\" target=\"_blank\">Jade University, Wilhelmshaven, Oldenburg, Elsfleth<\/a><\/p>\n\t\t\t <p><a href=\"https:\/\/www.haw-kiel.de\/wir\/organisation\/verwaltung\/beauftragte\/gleichstellung\/\" target=\"_blank\" rel=\"noopener\">Hochschule f\u00fcr Angewandte Wissenschaften Kiel<\/a><\/p>\t\t\n\t\t\t <p><a href=\"https:\/\/www.htwg-konstanz.de\/hochschule\/gleichstellung-und-diversity\/ueberblick\" target=\"_blank\" rel=\"noopener\">Konstanz University of Applied Sciences Technology, Economics and Design<\/a><\/p>\t\t\n\t\t\t <p><a href=\"https:\/\/www.th-luebeck.de\/hochschule\/wir-ueber-uns\/querschnittsfelder\/gleichstellung\/\" target=\"_blank\" rel=\"noopener\">L\u00fcbeck University of Technology<\/a><\/p>\t\t\n\t\t\t <p><a href=\"https:\/\/www.th-owl.de\/gleichstellung\/\" target=\"_blank\" rel=\"noopener\">East Westphalia-Lippe University of Applied Sciences<\/a><\/p>\t\t\n\t\t\t <p><a href=\"https:\/\/www.hs-magdeburg.de\/hochschule\/leitung-und-gremien\/gremien-und-beauftragte\/gleichstellungsbeauftragte.html\" target=\"_blank\">Magdeburg-Stendal University of Applied Sciences<\/a><\/p>\n\t\t\t <p><a href=\"https:\/\/www.hs-merseburg.de\/hochschule\/information\/chancengerechtigkeit\/\" target=\"_blank\" rel=\"noopener\">Merseburg University of Applied Sciences<\/a><\/p>\t\t\n\t\t\t <p><a href=\"https:\/\/www.fh-muenster.de\/gleichstellung\/index.php\">M\u00fcnster University of Applied Sciences<\/a><\/p>\t\t\n\t\t\t <p><a href=\"https:\/\/www.hs-osnabrueck.de\/gleichstellungsbuero\/\" target=\"_blank\">Osnabr\u00fcck University of Applied Sciences<\/a><\/p>\n\t\t\t <p><a href=\"https:\/\/www.ostfalia.de\/hochschule\/fakultaeten\/fakultaet-soziale-arbeit\/gleichstellung\" target=\"_blank\" rel=\"noopener\">Ostfalia University of Applied Sciences Braunschweig\/Wolfenb\u00fcttel<\/a><\/p>\t\t\n\t\t\t <p><a href=\"https:\/\/www.hs-rm.de\/chancengerechtigkeit\/gleichstellung\" target=\"_blank\" rel=\"noopener\">Hochschule RheinMain (HSRM)<\/a><\/p>\t\t\n\t\t\t <p><a href=\"https:\/\/www.hs-wismar.de\/en\/hochschule\/organisation\/interessenvertretungen\/gleichstellung\/\" target=\"_blank\">University of Wismar<\/a><\/p>\n\t\t\t\t<img decoding=\"async\" src=\"https:\/\/projektprofessur.de\/wp-content\/uploads\/2025\/12\/Kooperationshochschulen-Dezember-26_.png\" alt=\"Kooperationshochschulen-Dezember-26_\" itemprop=\"image\" height=\"565\" width=\"400\" title=\"Kooperationshochschulen-Dezember-26_\" onerror=\"this.style.display='none'\" loading=\"lazy\" \/>\n\tWould your university also like to become part of the network?<br \/>\nSend us an email: <a href=\"mailto:professur@hs-hannover.de\">professur@hs-hannover.de<\/a>\n\t<h2>Why do we need the PROfessur project?<\/h2>\n\tLet's take a look at the graduates in 2021: 52.9% of the<br \/>\nGraduates were female.\nincluding doctorate: 45.9%<br \/>\nHabilitation: 33.9%<br \/>\nFull-time female professors: 27.2%\n<p>(Source: <a href=\"https:\/\/www.destatis.de\/DE\/Themen\/Gesellschaft-Umwelt\/Bildung-Forschung-Kultur\/Hochschulen\/Tabellen\/frauenanteile-akademischelaufbahn.html\">https:\/\/www.destatis.de\/DE\/Themen\/Gesellschaft-Umwelt\/Bildung-Forschung-Kultur\/Hochschulen\/Tabellen\/frauenanteile-akademischelaufbahn.html<\/a>; Status: 22.12.22)<\/p>\n<p>The higher the academic position, the lower the proportion of women. This is the so-called leaky pipeline. To change this, the PROfessur project supports women starting out in a professorship. These women then act as role models and profile-builders for the individual universities as later professors.<\/p>","protected":false},"excerpt":{"rendered":"<p>\u00dcber uns Im Jahr 2002 als interdisziplin\u00e4res Projekt an der Hochschule Hannover entwickelt, wurde das Projekt PROfessur anf\u00e4nglich vom nieders\u00e4chsischen Ministerium f\u00fcr Wissenschaft und Kultur gef\u00f6rdert. Seit 2007 wird das Projekt von den Kooperationshochschulen selbst finanziert. Die Projekt-Koordination liegt im B\u00fcro der Zentralen Gleichstellungsbeauftragten der Hochschule Hannover. Welche Kooperationshochschulen geh\u00f6ren zum Projekt PROfessur? Fachhochschule Aachen [&hellip;]<\/p>\n","protected":false},"author":2,"featured_media":0,"parent":0,"menu_order":0,"comment_status":"closed","ping_status":"closed","template":"","meta":{"inline_featured_image":false,"ocean_post_layout":"full-screen","ocean_both_sidebars_style":"","ocean_both_sidebars_content_width":0,"ocean_both_sidebars_sidebars_width":0,"ocean_sidebar":"0","ocean_second_sidebar":"0","ocean_disable_margins":"enable","ocean_add_body_class":"","ocean_shortcode_before_top_bar":"","ocean_shortcode_after_top_bar":"","ocean_shortcode_before_header":"","ocean_shortcode_after_header":"","ocean_has_shortcode":"","ocean_shortcode_after_title":"","ocean_shortcode_before_footer_widgets":"","ocean_shortcode_after_footer_widgets":"","ocean_shortcode_before_footer_bottom":"","ocean_shortcode_after_footer_bottom":"","ocean_display_top_bar":"default","ocean_display_header":"default","ocean_header_style":"","ocean_center_header_left_menu":"0","ocean_custom_header_template":"0","ocean_custom_logo":0,"ocean_custom_retina_logo":0,"ocean_custom_logo_max_width":0,"ocean_custom_logo_tablet_max_width":0,"ocean_custom_logo_mobile_max_width":0,"ocean_custom_logo_max_height":0,"ocean_custom_logo_tablet_max_height":0,"ocean_custom_logo_mobile_max_height":0,"ocean_header_custom_menu":"0","ocean_menu_typo_font_family":"0","ocean_menu_typo_font_subset":"","ocean_menu_typo_font_size":0,"ocean_menu_typo_font_size_tablet":0,"ocean_menu_typo_font_size_mobile":0,"ocean_menu_typo_font_size_unit":"px","ocean_menu_typo_font_weight":"","ocean_menu_typo_font_weight_tablet":"","ocean_menu_typo_font_weight_mobile":"","ocean_menu_typo_transform":"","ocean_menu_typo_transform_tablet":"","ocean_menu_typo_transform_mobile":"","ocean_menu_typo_line_height":0,"ocean_menu_typo_line_height_tablet":0,"ocean_menu_typo_line_height_mobile":0,"ocean_menu_typo_line_height_unit":"","ocean_menu_typo_spacing":0,"ocean_menu_typo_spacing_tablet":0,"ocean_menu_typo_spacing_mobile":0,"ocean_menu_typo_spacing_unit":"","ocean_menu_link_color":"","ocean_menu_link_color_hover":"","ocean_menu_link_color_active":"","ocean_menu_link_background":"","ocean_menu_link_hover_background":"","ocean_menu_link_active_background":"","ocean_menu_social_links_bg":"","ocean_menu_social_hover_links_bg":"","ocean_menu_social_links_color":"","ocean_menu_social_hover_links_color":"","ocean_disable_title":"on","ocean_disable_heading":"default","ocean_post_title":"","ocean_post_subheading":"","ocean_post_title_style":"","ocean_post_title_background_color":"","ocean_post_title_background":0,"ocean_post_title_bg_image_position":"","ocean_post_title_bg_image_attachment":"","ocean_post_title_bg_image_repeat":"","ocean_post_title_bg_image_size":"","ocean_post_title_height":0,"ocean_post_title_bg_overlay":0.5,"ocean_post_title_bg_overlay_color":"","ocean_disable_breadcrumbs":"default","ocean_breadcrumbs_color":"","ocean_breadcrumbs_separator_color":"","ocean_breadcrumbs_links_color":"","ocean_breadcrumbs_links_hover_color":"","ocean_display_footer_widgets":"default","ocean_display_footer_bottom":"default","ocean_custom_footer_template":"0","footnotes":""},"class_list":["post-173","page","type-page","status-publish","hentry","entry"],"yoast_head":"<!-- This site is optimized with the Yoast SEO plugin v27.5 - https:\/\/yoast.com\/product\/yoast-seo-wordpress\/ -->\n<title>\u00dcber uns - Projekt PROfessur<\/title>\n<meta name=\"robots\" content=\"index, follow, max-snippet:-1, max-image-preview:large, max-video-preview:-1\" \/>\n<link rel=\"canonical\" href=\"https:\/\/projektprofessur.de\/en\/ueber-uns\/\" \/>\n<meta property=\"og:locale\" content=\"en_GB\" \/>\n<meta property=\"og:type\" content=\"article\" \/>\n<meta property=\"og:title\" content=\"\u00dcber uns - Projekt PROfessur\" \/>\n<meta property=\"og:description\" content=\"\u00dcber uns Im Jahr 2002 als interdisziplin\u00e4res Projekt an der Hochschule Hannover entwickelt, wurde das Projekt PROfessur anf\u00e4nglich vom nieders\u00e4chsischen Ministerium f\u00fcr Wissenschaft und Kultur gef\u00f6rdert. Seit 2007 wird das Projekt von den Kooperationshochschulen selbst finanziert. Die Projekt-Koordination liegt im B\u00fcro der Zentralen Gleichstellungsbeauftragten der Hochschule Hannover. Welche Kooperationshochschulen geh\u00f6ren zum Projekt PROfessur? Fachhochschule Aachen [&hellip;]\" \/>\n<meta property=\"og:url\" content=\"https:\/\/projektprofessur.de\/en\/ueber-uns\/\" \/>\n<meta property=\"og:site_name\" content=\"Projekt PROfessur\" \/>\n<meta property=\"article:modified_time\" content=\"2026-02-15T14:33:02+00:00\" \/>\n<meta property=\"og:image\" content=\"https:\/\/projektprofessur.de\/wp-content\/uploads\/2025\/12\/Kooperationshochschulen-Dezember-26_.png\" \/>\n<meta name=\"twitter:card\" content=\"summary_large_image\" \/>\n<meta name=\"twitter:label1\" content=\"Estimated reading time\" \/>\n\t<meta name=\"twitter:data1\" content=\"2 minutes\" \/>\n<script type=\"application\/ld+json\" class=\"yoast-schema-graph\">{\"@context\":\"https:\\\/\\\/schema.org\",\"@graph\":[{\"@type\":\"WebPage\",\"@id\":\"https:\\\/\\\/projektprofessur.de\\\/ueber-uns\\\/\",\"url\":\"https:\\\/\\\/projektprofessur.de\\\/ueber-uns\\\/\",\"name\":\"\u00dcber uns - Projekt PROfessur\",\"isPartOf\":{\"@id\":\"https:\\\/\\\/projektprofessur.de\\\/#website\"},\"primaryImageOfPage\":{\"@id\":\"https:\\\/\\\/projektprofessur.de\\\/ueber-uns\\\/#primaryimage\"},\"image\":{\"@id\":\"https:\\\/\\\/projektprofessur.de\\\/ueber-uns\\\/#primaryimage\"},\"thumbnailUrl\":\"https:\\\/\\\/projektprofessur.de\\\/wp-content\\\/uploads\\\/2025\\\/12\\\/Kooperationshochschulen-Dezember-26_.png\",\"datePublished\":\"2022-04-13T08:18:22+00:00\",\"dateModified\":\"2026-02-15T14:33:02+00:00\",\"breadcrumb\":{\"@id\":\"https:\\\/\\\/projektprofessur.de\\\/ueber-uns\\\/#breadcrumb\"},\"inLanguage\":\"en-GB\",\"potentialAction\":[{\"@type\":\"ReadAction\",\"target\":[\"https:\\\/\\\/projektprofessur.de\\\/ueber-uns\\\/\"]}]},{\"@type\":\"ImageObject\",\"inLanguage\":\"en-GB\",\"@id\":\"https:\\\/\\\/projektprofessur.de\\\/ueber-uns\\\/#primaryimage\",\"url\":\"https:\\\/\\\/projektprofessur.de\\\/wp-content\\\/uploads\\\/2025\\\/12\\\/Kooperationshochschulen-Dezember-26_.png\",\"contentUrl\":\"https:\\\/\\\/projektprofessur.de\\\/wp-content\\\/uploads\\\/2025\\\/12\\\/Kooperationshochschulen-Dezember-26_.png\"},{\"@type\":\"BreadcrumbList\",\"@id\":\"https:\\\/\\\/projektprofessur.de\\\/ueber-uns\\\/#breadcrumb\",\"itemListElement\":[{\"@type\":\"ListItem\",\"position\":1,\"name\":\"Home\",\"item\":\"https:\\\/\\\/projektprofessur.de\\\/\"},{\"@type\":\"ListItem\",\"position\":2,\"name\":\"\u00dcber uns\"}]},{\"@type\":\"WebSite\",\"@id\":\"https:\\\/\\\/projektprofessur.de\\\/#website\",\"url\":\"https:\\\/\\\/projektprofessur.de\\\/\",\"name\":\"Projekt PROfessur\",\"description\":\"\",\"publisher\":{\"@id\":\"https:\\\/\\\/projektprofessur.de\\\/#organization\"},\"potentialAction\":[{\"@type\":\"SearchAction\",\"target\":{\"@type\":\"EntryPoint\",\"urlTemplate\":\"https:\\\/\\\/projektprofessur.de\\\/?s={search_term_string}\"},\"query-input\":{\"@type\":\"PropertyValueSpecification\",\"valueRequired\":true,\"valueName\":\"search_term_string\"}}],\"inLanguage\":\"en-GB\"},{\"@type\":\"Organization\",\"@id\":\"https:\\\/\\\/projektprofessur.de\\\/#organization\",\"name\":\"Projekt PROfessur\",\"url\":\"https:\\\/\\\/projektprofessur.de\\\/\",\"logo\":{\"@type\":\"ImageObject\",\"inLanguage\":\"en-GB\",\"@id\":\"https:\\\/\\\/projektprofessur.de\\\/#\\\/schema\\\/logo\\\/image\\\/\",\"url\":\"https:\\\/\\\/projektprofessur.de\\\/wp-content\\\/uploads\\\/2022\\\/02\\\/logo.svg\",\"contentUrl\":\"https:\\\/\\\/projektprofessur.de\\\/wp-content\\\/uploads\\\/2022\\\/02\\\/logo.svg\",\"caption\":\"Projekt PROfessur\"},\"image\":{\"@id\":\"https:\\\/\\\/projektprofessur.de\\\/#\\\/schema\\\/logo\\\/image\\\/\"}}]}<\/script>\n<!-- \/ Yoast SEO plugin. -->","yoast_head_json":{"title":"\u00dcber uns - Projekt PROfessur","robots":{"index":"index","follow":"follow","max-snippet":"max-snippet:-1","max-image-preview":"max-image-preview:large","max-video-preview":"max-video-preview:-1"},"canonical":"https:\/\/projektprofessur.de\/en\/ueber-uns\/","og_locale":"en_GB","og_type":"article","og_title":"\u00dcber uns - Projekt PROfessur","og_description":"\u00dcber uns Im Jahr 2002 als interdisziplin\u00e4res Projekt an der Hochschule Hannover entwickelt, wurde das Projekt PROfessur anf\u00e4nglich vom nieders\u00e4chsischen Ministerium f\u00fcr Wissenschaft und Kultur gef\u00f6rdert. Seit 2007 wird das Projekt von den Kooperationshochschulen selbst finanziert. Die Projekt-Koordination liegt im B\u00fcro der Zentralen Gleichstellungsbeauftragten der Hochschule Hannover. Welche Kooperationshochschulen geh\u00f6ren zum Projekt PROfessur? Fachhochschule Aachen [&hellip;]","og_url":"https:\/\/projektprofessur.de\/en\/ueber-uns\/","og_site_name":"Projekt PROfessur","article_modified_time":"2026-02-15T14:33:02+00:00","og_image":[{"url":"https:\/\/projektprofessur.de\/wp-content\/uploads\/2025\/12\/Kooperationshochschulen-Dezember-26_.png","type":"","width":"","height":""}],"twitter_card":"summary_large_image","twitter_misc":{"Estimated reading time":"2 minutes"},"schema":{"@context":"https:\/\/schema.org","@graph":[{"@type":"WebPage","@id":"https:\/\/projektprofessur.de\/ueber-uns\/","url":"https:\/\/projektprofessur.de\/ueber-uns\/","name":"\u00dcber uns - Projekt PROfessur","isPartOf":{"@id":"https:\/\/projektprofessur.de\/#website"},"primaryImageOfPage":{"@id":"https:\/\/projektprofessur.de\/ueber-uns\/#primaryimage"},"image":{"@id":"https:\/\/projektprofessur.de\/ueber-uns\/#primaryimage"},"thumbnailUrl":"https:\/\/projektprofessur.de\/wp-content\/uploads\/2025\/12\/Kooperationshochschulen-Dezember-26_.png","datePublished":"2022-04-13T08:18:22+00:00","dateModified":"2026-02-15T14:33:02+00:00","breadcrumb":{"@id":"https:\/\/projektprofessur.de\/ueber-uns\/#breadcrumb"},"inLanguage":"en-GB","potentialAction":[{"@type":"ReadAction","target":["https:\/\/projektprofessur.de\/ueber-uns\/"]}]},{"@type":"ImageObject","inLanguage":"en-GB","@id":"https:\/\/projektprofessur.de\/ueber-uns\/#primaryimage","url":"https:\/\/projektprofessur.de\/wp-content\/uploads\/2025\/12\/Kooperationshochschulen-Dezember-26_.png","contentUrl":"https:\/\/projektprofessur.de\/wp-content\/uploads\/2025\/12\/Kooperationshochschulen-Dezember-26_.png"},{"@type":"BreadcrumbList","@id":"https:\/\/projektprofessur.de\/ueber-uns\/#breadcrumb","itemListElement":[{"@type":"ListItem","position":1,"name":"Home","item":"https:\/\/projektprofessur.de\/"},{"@type":"ListItem","position":2,"name":"\u00dcber uns"}]},{"@type":"WebSite","@id":"https:\/\/projektprofessur.de\/#website","url":"https:\/\/projektprofessur.de\/","name":"PROfessorship project","description":"","publisher":{"@id":"https:\/\/projektprofessur.de\/#organization"},"potentialAction":[{"@type":"SearchAction","target":{"@type":"EntryPoint","urlTemplate":"https:\/\/projektprofessur.de\/?s={search_term_string}"},"query-input":{"@type":"PropertyValueSpecification","valueRequired":true,"valueName":"search_term_string"}}],"inLanguage":"en-GB"},{"@type":"Organization","@id":"https:\/\/projektprofessur.de\/#organization","name":"PROfessorship project","url":"https:\/\/projektprofessur.de\/","logo":{"@type":"ImageObject","inLanguage":"en-GB","@id":"https:\/\/projektprofessur.de\/#\/schema\/logo\/image\/","url":"https:\/\/projektprofessur.de\/wp-content\/uploads\/2022\/02\/logo.svg","contentUrl":"https:\/\/projektprofessur.de\/wp-content\/uploads\/2022\/02\/logo.svg","caption":"Projekt PROfessur"},"image":{"@id":"https:\/\/projektprofessur.de\/#\/schema\/logo\/image\/"}}]}},"_links":{"self":[{"href":"https:\/\/projektprofessur.de\/en\/wp-json\/wp\/v2\/pages\/173","targetHints":{"allow":["GET"]}}],"collection":[{"href":"https:\/\/projektprofessur.de\/en\/wp-json\/wp\/v2\/pages"}],"about":[{"href":"https:\/\/projektprofessur.de\/en\/wp-json\/wp\/v2\/types\/page"}],"author":[{"embeddable":true,"href":"https:\/\/projektprofessur.de\/en\/wp-json\/wp\/v2\/users\/2"}],"replies":[{"embeddable":true,"href":"https:\/\/projektprofessur.de\/en\/wp-json\/wp\/v2\/comments?post=173"}],"version-history":[{"count":11,"href":"https:\/\/projektprofessur.de\/en\/wp-json\/wp\/v2\/pages\/173\/revisions"}],"predecessor-version":[{"id":1597,"href":"https:\/\/projektprofessur.de\/en\/wp-json\/wp\/v2\/pages\/173\/revisions\/1597"}],"wp:attachment":[{"href":"https:\/\/projektprofessur.de\/en\/wp-json\/wp\/v2\/media?parent=173"}],"curies":[{"name":"wp","href":"https:\/\/api.w.org\/{rel}","templated":true}]}}