{"id":198,"date":"2022-04-13T11:14:01","date_gmt":"2022-04-13T09:14:01","guid":{"rendered":"https:\/\/projekt-professur.de\/?page_id=198"},"modified":"2025-05-14T09:58:01","modified_gmt":"2025-05-14T07:58:01","slug":"start-in-eine-professur","status":"publish","type":"page","link":"https:\/\/projektprofessur.de\/en\/start-in-eine-professur\/","title":{"rendered":"Start into a professorship"},"content":{"rendered":"<h1>\n\t\t\tStart into a professorship\t<\/h1>\n\t<p>Are you thinking about a career as a professor? But you don't know whether you are suitable for it? Read about the requirements you need to have fulfilled and when, and what preparations you can make for your application.<\/p>\n\t<h2>Requirements for an application<\/h2>\n\tTo have a chance of getting a job as a professor, you must<br \/>\nfulfil various requirements:\n\t\t\t <p><a href=\"https:\/\/projektprofessur.de\/en\/start-in-eine-professur\/#wa-formale-voraussetzungen\">formal requirements<\/a><\/p>\t\t\n\t\t\t <p><a href=\"https:\/\/projektprofessur.de\/en\/start-in-eine-professur\/#wa-fachliche-voraussetzungen\" data-wplink-edit=\"true\">professional requirements<\/a><\/p>\t\t\n\t\t\t <p><a href=\"https:\/\/projektprofessur.de\/en\/start-in-eine-professur\/#wa-bundesweite-voraussetzungen\">Nationwide requirements (download PDF)<\/a><\/p>\t\t\n\t\t\t <p><a href=\"https:\/\/projektprofessur.de\/en\/start-in-eine-professur\/#wa-weitere-kriterien\">Other selection criteria<\/a><\/p>\n\t<p><strong>Formal requirements <\/strong><\/p>\n\t<p>The formal requirements for working as a professor are regulated in the higher education laws of the L\u00e4nder. They include:<\/p>\n\t\t\t <p>completed university degree<\/p>\t\t\n\t\t\t <p>Pedagogical aptitude, usually proven by experience in teaching and training<\/p>\t\t\n\t\t\t <p>Qualification for academic work, usually proven by a doctorate or by academic or artistic achievements appropriate to the doctorate (e.g. through relevant publications, outstanding projects, prizes received, competitions, exhibitions, etc.).<\/p>\t\t\n\t\t\t <p>At least five years of professional experience after graduation, of which at least three years must have been gained outside a higher education institution. The professional experience should be related to the subject profile of an advertised professorship.<\/p>\t\t\n\tIdeally, you have already fulfilled all the requirements at the time of your application.<br \/>\nThere is no general age limit.<br \/>\nIf you have not yet fulfilled all the appeal requirements:\n<p>You can already apply when only a few and unproblematic things are missing, for example several months to a year of professional experience or the completion of the dissertation. This is because appointment procedures normally take a few months. Moreover, in such a case, the appointment procedure can be suspended for a certain period of time or the professorship can be temporarily filled for substitution or administration, followed by a normal appointment procedure.<\/p>\n<p>In order to improve the compatibility of family and career, professorships may also be held on a part-time basis.<\/p>\n\t<p><strong>Professional requirements <\/strong><\/p>\n\t<p>In addition to the formal requirements, each call for tenders also defines a technical requirement profile. Ideally, this can rarely be fulfilled. For this reason, your qualifications will rarely match the requirements profile completely. Do not let this deter you. Apply and gain valuable experience.<\/p>\n\t<p><strong>Nationwide requirements (download PDF)<\/strong><\/p>\n\t<p>Requirements for a FH HAW professorship by federal state: <a href=\"https:\/\/projektprofessur.de\/wp-content\/uploads\/2025\/05\/14052025_Vorrausetzungen-Professur.pdf\" target=\"_blank\" rel=\"noopener\">PDF DOWNLOAD<\/a><\/p>\n\t<p><strong>Other selection criteria<\/strong><\/p>\n\t<p>Other possible selection criteria in appointment procedures are:<\/p>\n\t\t\t <p>Scientific or artistic experience and achievements<\/p>\t\t\n\t\t\t Proximity to the professional fields of future graduates\n\t\t\t Didactic and social skills\n\t\t\t Willingness to take on responsibility in the university\n\t\t\t Experience with the development and implementation of new forms of learning\n\t\t\t Experience in (third-party funded) research\n\t\t\t (international) networks and cooperative relationships with relevant companies and\/or institutions\n\t\t\t relevant fields of knowledge in the respective subject\n\t\t\t methodological and didactic knowledge\n\t\t\t User knowledge in specific areas (engineering, design, economics, ...)\n\t\t\t adequate application of procedures, methods, instruments\n\t\t\t Further development of the degree programme\n\t\t\t Contribution of personal focal points\n\t\t\t personal commitment as an additional qualification\t\t\n\t<p>You can find more info from other websites at <a href=\"\/en\/datenbanken-und-links\/\" target=\"_blank\" rel=\"noopener\">Databases and links<\/a>.<\/p>\n\t<h2>Preparing for an application<\/h2>\n\t<p>Find out in advance about the exact contents of the advertised position. Get in touch with the contact person named in the advertisement, the chairperson of the appointment committee, the appointment management or the Women's and Equal Opportunities Officer. In this way, you can find out about the general conditions of the application procedure and special features of the respective appointment procedure. Research on the internet to find out as much as possible about the university, the subject area and the degree programme.<\/p>\n\t\t\t Profile of the university\/programme\n\t\t\t Staff composition\n\t\t\t Study programmes\n\t\t\t New developments\n\t\t\t Number of students\n\t\t\t Degree of internationalisation\n\t\t\t Special projects\t\t\n\t<p>Think about why you want to go to this university in particular and what makes this place of study attractive to you.<\/p>\n<p>Have you ever had job application training? You can find special offers for the preparation for appointment procedures under <a href=\"\/en\/datenbanken-und-links\/\" target=\"_blank\" rel=\"noopener\">Databases and links<\/a>. There you will find offers for didactic preparation as well as literature.<\/p>","protected":false},"excerpt":{"rendered":"<p>Start in eine Professur Denken Sie \u00fcber eine Karriere als Professorin nach? Sie wissen jedoch nicht, ob Sie daf\u00fcr geeignet sind? Lesen Sie nach, welche Voraussetzungen sie zu welchem Zeitpunkt erf\u00fcllt haben m\u00fcssen und welche Vorbereitungen Sie f\u00fcr Ihre Bewerbung treffen k\u00f6nnen. Voraussetzungen f\u00fcr eine Bewerbung Um eine Chance auf eine Stelle als Professorin zu [&hellip;]<\/p>\n","protected":false},"author":2,"featured_media":0,"parent":0,"menu_order":0,"comment_status":"closed","ping_status":"closed","template":"","meta":{"inline_featured_image":false,"ocean_post_layout":"full-screen","ocean_both_sidebars_style":"","ocean_both_sidebars_content_width":0,"ocean_both_sidebars_sidebars_width":0,"ocean_sidebar":"0","ocean_second_sidebar":"0","ocean_disable_margins":"enable","ocean_add_body_class":"","ocean_shortcode_before_top_bar":"","ocean_shortcode_after_top_bar":"","ocean_shortcode_before_header":"","ocean_shortcode_after_header":"","ocean_has_shortcode":"","ocean_shortcode_after_title":"","ocean_shortcode_before_footer_widgets":"","ocean_shortcode_after_footer_widgets":"","ocean_shortcode_before_footer_bottom":"","ocean_shortcode_after_footer_bottom":"","ocean_display_top_bar":"default","ocean_display_header":"default","ocean_header_style":"","ocean_center_header_left_menu":"0","ocean_custom_header_template":"0","ocean_custom_logo":0,"ocean_custom_retina_logo":0,"ocean_custom_logo_max_width":0,"ocean_custom_logo_tablet_max_width":0,"ocean_custom_logo_mobile_max_width":0,"ocean_custom_logo_max_height":0,"ocean_custom_logo_tablet_max_height":0,"ocean_custom_logo_mobile_max_height":0,"ocean_header_custom_menu":"0","ocean_menu_typo_font_family":"0","ocean_menu_typo_font_subset":"","ocean_menu_typo_font_size":0,"ocean_menu_typo_font_size_tablet":0,"ocean_menu_typo_font_size_mobile":0,"ocean_menu_typo_font_size_unit":"px","ocean_menu_typo_font_weight":"","ocean_menu_typo_font_weight_tablet":"","ocean_menu_typo_font_weight_mobile":"","ocean_menu_typo_transform":"","ocean_menu_typo_transform_tablet":"","ocean_menu_typo_transform_mobile":"","ocean_menu_typo_line_height":0,"ocean_menu_typo_line_height_tablet":0,"ocean_menu_typo_line_height_mobile":0,"ocean_menu_typo_line_height_unit":"","ocean_menu_typo_spacing":0,"ocean_menu_typo_spacing_tablet":0,"ocean_menu_typo_spacing_mobile":0,"ocean_menu_typo_spacing_unit":"","ocean_menu_link_color":"","ocean_menu_link_color_hover":"","ocean_menu_link_color_active":"","ocean_menu_link_background":"","ocean_menu_link_hover_background":"","ocean_menu_link_active_background":"","ocean_menu_social_links_bg":"","ocean_menu_social_hover_links_bg":"","ocean_menu_social_links_color":"","ocean_menu_social_hover_links_color":"","ocean_disable_title":"on","ocean_disable_heading":"default","ocean_post_title":"","ocean_post_subheading":"","ocean_post_title_style":"","ocean_post_title_background_color":"","ocean_post_title_background":0,"ocean_post_title_bg_image_position":"","ocean_post_title_bg_image_attachment":"","ocean_post_title_bg_image_repeat":"","ocean_post_title_bg_image_size":"","ocean_post_title_height":0,"ocean_post_title_bg_overlay":0.5,"ocean_post_title_bg_overlay_color":"","ocean_disable_breadcrumbs":"default","ocean_breadcrumbs_color":"","ocean_breadcrumbs_separator_color":"","ocean_breadcrumbs_links_color":"","ocean_breadcrumbs_links_hover_color":"","ocean_display_footer_widgets":"default","ocean_display_footer_bottom":"default","ocean_custom_footer_template":"0","footnotes":""},"class_list":["post-198","page","type-page","status-publish","hentry","entry"],"yoast_head":"<!-- This site is optimized with the Yoast SEO plugin v27.5 - https:\/\/yoast.com\/product\/yoast-seo-wordpress\/ -->\n<title>Start in eine Professur - Projekt PROfessur<\/title>\n<meta name=\"robots\" content=\"index, follow, max-snippet:-1, max-image-preview:large, max-video-preview:-1\" \/>\n<link rel=\"canonical\" href=\"https:\/\/projektprofessur.de\/en\/start-in-eine-professur\/\" \/>\n<meta property=\"og:locale\" content=\"en_GB\" \/>\n<meta property=\"og:type\" content=\"article\" \/>\n<meta property=\"og:title\" content=\"Start in eine Professur - Projekt PROfessur\" \/>\n<meta property=\"og:description\" content=\"Start in eine Professur Denken Sie \u00fcber eine Karriere als Professorin nach? Sie wissen jedoch nicht, ob Sie daf\u00fcr geeignet sind? Lesen Sie nach, welche Voraussetzungen sie zu welchem Zeitpunkt erf\u00fcllt haben m\u00fcssen und welche Vorbereitungen Sie f\u00fcr Ihre Bewerbung treffen k\u00f6nnen. Voraussetzungen f\u00fcr eine Bewerbung Um eine Chance auf eine Stelle als Professorin zu [&hellip;]\" \/>\n<meta property=\"og:url\" content=\"https:\/\/projektprofessur.de\/en\/start-in-eine-professur\/\" \/>\n<meta property=\"og:site_name\" content=\"Projekt PROfessur\" \/>\n<meta property=\"article:modified_time\" content=\"2025-05-14T07:58:01+00:00\" \/>\n<meta name=\"twitter:card\" content=\"summary_large_image\" \/>\n<meta name=\"twitter:label1\" content=\"Estimated reading time\" \/>\n\t<meta name=\"twitter:data1\" content=\"4 minutes\" \/>\n<script type=\"application\/ld+json\" class=\"yoast-schema-graph\">{\"@context\":\"https:\\\/\\\/schema.org\",\"@graph\":[{\"@type\":\"WebPage\",\"@id\":\"https:\\\/\\\/projektprofessur.de\\\/start-in-eine-professur\\\/\",\"url\":\"https:\\\/\\\/projektprofessur.de\\\/start-in-eine-professur\\\/\",\"name\":\"Start in eine Professur - Projekt PROfessur\",\"isPartOf\":{\"@id\":\"https:\\\/\\\/projektprofessur.de\\\/#website\"},\"datePublished\":\"2022-04-13T09:14:01+00:00\",\"dateModified\":\"2025-05-14T07:58:01+00:00\",\"breadcrumb\":{\"@id\":\"https:\\\/\\\/projektprofessur.de\\\/start-in-eine-professur\\\/#breadcrumb\"},\"inLanguage\":\"en-GB\",\"potentialAction\":[{\"@type\":\"ReadAction\",\"target\":[\"https:\\\/\\\/projektprofessur.de\\\/start-in-eine-professur\\\/\"]}]},{\"@type\":\"BreadcrumbList\",\"@id\":\"https:\\\/\\\/projektprofessur.de\\\/start-in-eine-professur\\\/#breadcrumb\",\"itemListElement\":[{\"@type\":\"ListItem\",\"position\":1,\"name\":\"Home\",\"item\":\"https:\\\/\\\/projektprofessur.de\\\/\"},{\"@type\":\"ListItem\",\"position\":2,\"name\":\"Start in eine Professur\"}]},{\"@type\":\"WebSite\",\"@id\":\"https:\\\/\\\/projektprofessur.de\\\/#website\",\"url\":\"https:\\\/\\\/projektprofessur.de\\\/\",\"name\":\"Projekt PROfessur\",\"description\":\"\",\"publisher\":{\"@id\":\"https:\\\/\\\/projektprofessur.de\\\/#organization\"},\"potentialAction\":[{\"@type\":\"SearchAction\",\"target\":{\"@type\":\"EntryPoint\",\"urlTemplate\":\"https:\\\/\\\/projektprofessur.de\\\/?s={search_term_string}\"},\"query-input\":{\"@type\":\"PropertyValueSpecification\",\"valueRequired\":true,\"valueName\":\"search_term_string\"}}],\"inLanguage\":\"en-GB\"},{\"@type\":\"Organization\",\"@id\":\"https:\\\/\\\/projektprofessur.de\\\/#organization\",\"name\":\"Projekt PROfessur\",\"url\":\"https:\\\/\\\/projektprofessur.de\\\/\",\"logo\":{\"@type\":\"ImageObject\",\"inLanguage\":\"en-GB\",\"@id\":\"https:\\\/\\\/projektprofessur.de\\\/#\\\/schema\\\/logo\\\/image\\\/\",\"url\":\"https:\\\/\\\/projektprofessur.de\\\/wp-content\\\/uploads\\\/2022\\\/02\\\/logo.svg\",\"contentUrl\":\"https:\\\/\\\/projektprofessur.de\\\/wp-content\\\/uploads\\\/2022\\\/02\\\/logo.svg\",\"caption\":\"Projekt PROfessur\"},\"image\":{\"@id\":\"https:\\\/\\\/projektprofessur.de\\\/#\\\/schema\\\/logo\\\/image\\\/\"}}]}<\/script>\n<!-- \/ Yoast SEO plugin. -->","yoast_head_json":{"title":"Start in eine Professur - Projekt PROfessur","robots":{"index":"index","follow":"follow","max-snippet":"max-snippet:-1","max-image-preview":"max-image-preview:large","max-video-preview":"max-video-preview:-1"},"canonical":"https:\/\/projektprofessur.de\/en\/start-in-eine-professur\/","og_locale":"en_GB","og_type":"article","og_title":"Start in eine Professur - Projekt PROfessur","og_description":"Start in eine Professur Denken Sie \u00fcber eine Karriere als Professorin nach? Sie wissen jedoch nicht, ob Sie daf\u00fcr geeignet sind? Lesen Sie nach, welche Voraussetzungen sie zu welchem Zeitpunkt erf\u00fcllt haben m\u00fcssen und welche Vorbereitungen Sie f\u00fcr Ihre Bewerbung treffen k\u00f6nnen. Voraussetzungen f\u00fcr eine Bewerbung Um eine Chance auf eine Stelle als Professorin zu [&hellip;]","og_url":"https:\/\/projektprofessur.de\/en\/start-in-eine-professur\/","og_site_name":"Projekt PROfessur","article_modified_time":"2025-05-14T07:58:01+00:00","twitter_card":"summary_large_image","twitter_misc":{"Estimated reading time":"4 minutes"},"schema":{"@context":"https:\/\/schema.org","@graph":[{"@type":"WebPage","@id":"https:\/\/projektprofessur.de\/start-in-eine-professur\/","url":"https:\/\/projektprofessur.de\/start-in-eine-professur\/","name":"Start in eine Professur - Projekt PROfessur","isPartOf":{"@id":"https:\/\/projektprofessur.de\/#website"},"datePublished":"2022-04-13T09:14:01+00:00","dateModified":"2025-05-14T07:58:01+00:00","breadcrumb":{"@id":"https:\/\/projektprofessur.de\/start-in-eine-professur\/#breadcrumb"},"inLanguage":"en-GB","potentialAction":[{"@type":"ReadAction","target":["https:\/\/projektprofessur.de\/start-in-eine-professur\/"]}]},{"@type":"BreadcrumbList","@id":"https:\/\/projektprofessur.de\/start-in-eine-professur\/#breadcrumb","itemListElement":[{"@type":"ListItem","position":1,"name":"Home","item":"https:\/\/projektprofessur.de\/"},{"@type":"ListItem","position":2,"name":"Start in eine Professur"}]},{"@type":"WebSite","@id":"https:\/\/projektprofessur.de\/#website","url":"https:\/\/projektprofessur.de\/","name":"PROfessorship project","description":"","publisher":{"@id":"https:\/\/projektprofessur.de\/#organization"},"potentialAction":[{"@type":"SearchAction","target":{"@type":"EntryPoint","urlTemplate":"https:\/\/projektprofessur.de\/?s={search_term_string}"},"query-input":{"@type":"PropertyValueSpecification","valueRequired":true,"valueName":"search_term_string"}}],"inLanguage":"en-GB"},{"@type":"Organization","@id":"https:\/\/projektprofessur.de\/#organization","name":"PROfessorship project","url":"https:\/\/projektprofessur.de\/","logo":{"@type":"ImageObject","inLanguage":"en-GB","@id":"https:\/\/projektprofessur.de\/#\/schema\/logo\/image\/","url":"https:\/\/projektprofessur.de\/wp-content\/uploads\/2022\/02\/logo.svg","contentUrl":"https:\/\/projektprofessur.de\/wp-content\/uploads\/2022\/02\/logo.svg","caption":"Projekt PROfessur"},"image":{"@id":"https:\/\/projektprofessur.de\/#\/schema\/logo\/image\/"}}]}},"_links":{"self":[{"href":"https:\/\/projektprofessur.de\/en\/wp-json\/wp\/v2\/pages\/198","targetHints":{"allow":["GET"]}}],"collection":[{"href":"https:\/\/projektprofessur.de\/en\/wp-json\/wp\/v2\/pages"}],"about":[{"href":"https:\/\/projektprofessur.de\/en\/wp-json\/wp\/v2\/types\/page"}],"author":[{"embeddable":true,"href":"https:\/\/projektprofessur.de\/en\/wp-json\/wp\/v2\/users\/2"}],"replies":[{"embeddable":true,"href":"https:\/\/projektprofessur.de\/en\/wp-json\/wp\/v2\/comments?post=198"}],"version-history":[{"count":26,"href":"https:\/\/projektprofessur.de\/en\/wp-json\/wp\/v2\/pages\/198\/revisions"}],"predecessor-version":[{"id":1421,"href":"https:\/\/projektprofessur.de\/en\/wp-json\/wp\/v2\/pages\/198\/revisions\/1421"}],"wp:attachment":[{"href":"https:\/\/projektprofessur.de\/en\/wp-json\/wp\/v2\/media?parent=198"}],"curies":[{"name":"wp","href":"https:\/\/api.w.org\/{rel}","templated":true}]}}