{"id":206,"date":"2022-04-13T11:35:17","date_gmt":"2022-04-13T09:35:17","guid":{"rendered":"https:\/\/projekt-professur.de\/?page_id=206"},"modified":"2026-02-15T16:53:52","modified_gmt":"2026-02-15T15:53:52","slug":"beratung-und-vermittlung","status":"publish","type":"page","link":"https:\/\/projektprofessur.de\/en\/beratung-und-vermittlung\/","title":{"rendered":"Counselling and mediation"},"content":{"rendered":"<h1>\n\t\t\tCounselling and mediation\t<\/h1>\n\t<p>You already know which <a href=\"https:\/\/projektprofessur.de\/en\/Start-in-eine-Professur\/#Vorrausetzungen-f\u00fcr-eine-Bewerbung\">Requirements<\/a> you need to fulfil for the start of a professorship and which <a href=\"https:\/\/projektprofessur.de\/en\/Start-in-eine-Professur\/#Vorbereitung-auf-eine-Bewerbung\">Preparations<\/a> you can meet? Then we will be happy to answer your individual questions.<\/p>\n<p>You have the possibility to<\/p>\n\t\t\t <p><a href=\"https:\/\/projektprofessur.de\/en\/beratung-und-vermittlung\/#mentorinnen\">through mentors<\/a><\/p>\n\t\t\t <p><a href=\"https:\/\/projektprofessur.de\/en\/beratung-und-vermittlung\/#gleichstellungsbueros\">through equality offices or<\/a><\/p>\n\t\t\t <p><a href=\"https:\/\/projektprofessur.de\/en\/beratung-und-vermittlung\/#projektprofessur\">through the PROfessur project<\/a><\/p>\n\t<p>to get advice.<\/p>\n\t<p><strong>through mentors<\/strong><\/p>\n\tUnsere Mentorinnen sind Professorinnen der Projekthochschulen. Sie standen selbst mal an dem Punkt, an dem Sie zur Zeit stehen. Sie agieren als Rolemodels und teilen ihre gesammelten Erfahrungen. Zus\u00e4tzlich haben sie einen guten Einblick in das aktuelle Geschehen an ihrer Fachhochschule und k\u00f6nnen Ihnen Auskunft \u00fcber M\u00f6glichkeiten f\u00fcr Gastvortr\u00e4ge oder Lehrauftr\u00e4ge geben.<br \/>\n<a href=\"https:\/\/projektprofessur.de\/en\/beratung-und-vermittlung\/mentorinnen-sortiert-nach-fhs-und-haws\/\">Mentors sorted by FHs and HAWs<\/a><br \/>\n<a href=\"https:\/\/projektprofessur.de\/en\/beratung-und-vermittlung\/mentorinnen-sortiert-nach-fachgebieten\/\">Mentors sorted by subject<\/a>\n\t<strong>through gender equality offices<\/strong><strong><br \/>\n<\/strong>\n\tThe equal opportunities offices at the various universities are also good places to start. They know about the various support programmes for young female professors and can give you the names of other people to contact.<strong><br \/>\n<\/strong>\n\t<p><strong>through the PROfessur project<\/strong><\/p>\n\tThe counselling provided by subject-specific mentors or specific<br \/>\nUniversities are too detailed for you? You have general questions or<br \/>\nwould like to be referred? Send us an email: <a href=\"mailto:professur@hs-hannover.de\" target=\"_blank\" rel=\"noopener\">professur@hs-hannover.de<\/a>","protected":false},"excerpt":{"rendered":"<p>Beratung und Vermittlung Sie wissen bereits, welche Voraussetzungen Sie f\u00fcr den Start in eine Professur erf\u00fcllen m\u00fcssen und welche Vorbereitungen Sie treffen k\u00f6nnen? Dann beantworten wir Ihnen gerne Ihre individuellen Fragen. Sie haben die M\u00f6glichkeit sich durch Mentorinnen durch Gleichstellungsb\u00fcros oder durch das Projekt PROfessur beraten zu lassen. durch Mentorinnen Unsere Mentorinnen sind Professorinnen der [&hellip;]<\/p>\n","protected":false},"author":2,"featured_media":0,"parent":0,"menu_order":0,"comment_status":"closed","ping_status":"closed","template":"","meta":{"inline_featured_image":false,"ocean_post_layout":"full-screen","ocean_both_sidebars_style":"","ocean_both_sidebars_content_width":0,"ocean_both_sidebars_sidebars_width":0,"ocean_sidebar":"0","ocean_second_sidebar":"0","ocean_disable_margins":"enable","ocean_add_body_class":"","ocean_shortcode_before_top_bar":"","ocean_shortcode_after_top_bar":"","ocean_shortcode_before_header":"","ocean_shortcode_after_header":"","ocean_has_shortcode":"","ocean_shortcode_after_title":"","ocean_shortcode_before_footer_widgets":"","ocean_shortcode_after_footer_widgets":"","ocean_shortcode_before_footer_bottom":"","ocean_shortcode_after_footer_bottom":"","ocean_display_top_bar":"default","ocean_display_header":"default","ocean_header_style":"","ocean_center_header_left_menu":"0","ocean_custom_header_template":"0","ocean_custom_logo":0,"ocean_custom_retina_logo":0,"ocean_custom_logo_max_width":0,"ocean_custom_logo_tablet_max_width":0,"ocean_custom_logo_mobile_max_width":0,"ocean_custom_logo_max_height":0,"ocean_custom_logo_tablet_max_height":0,"ocean_custom_logo_mobile_max_height":0,"ocean_header_custom_menu":"0","ocean_menu_typo_font_family":"0","ocean_menu_typo_font_subset":"","ocean_menu_typo_font_size":0,"ocean_menu_typo_font_size_tablet":0,"ocean_menu_typo_font_size_mobile":0,"ocean_menu_typo_font_size_unit":"px","ocean_menu_typo_font_weight":"","ocean_menu_typo_font_weight_tablet":"","ocean_menu_typo_font_weight_mobile":"","ocean_menu_typo_transform":"","ocean_menu_typo_transform_tablet":"","ocean_menu_typo_transform_mobile":"","ocean_menu_typo_line_height":0,"ocean_menu_typo_line_height_tablet":0,"ocean_menu_typo_line_height_mobile":0,"ocean_menu_typo_line_height_unit":"","ocean_menu_typo_spacing":0,"ocean_menu_typo_spacing_tablet":0,"ocean_menu_typo_spacing_mobile":0,"ocean_menu_typo_spacing_unit":"","ocean_menu_link_color":"","ocean_menu_link_color_hover":"","ocean_menu_link_color_active":"","ocean_menu_link_background":"","ocean_menu_link_hover_background":"","ocean_menu_link_active_background":"","ocean_menu_social_links_bg":"","ocean_menu_social_hover_links_bg":"","ocean_menu_social_links_color":"","ocean_menu_social_hover_links_color":"","ocean_disable_title":"on","ocean_disable_heading":"default","ocean_post_title":"","ocean_post_subheading":"","ocean_post_title_style":"","ocean_post_title_background_color":"","ocean_post_title_background":0,"ocean_post_title_bg_image_position":"","ocean_post_title_bg_image_attachment":"","ocean_post_title_bg_image_repeat":"","ocean_post_title_bg_image_size":"","ocean_post_title_height":0,"ocean_post_title_bg_overlay":0.5,"ocean_post_title_bg_overlay_color":"","ocean_disable_breadcrumbs":"default","ocean_breadcrumbs_color":"","ocean_breadcrumbs_separator_color":"","ocean_breadcrumbs_links_color":"","ocean_breadcrumbs_links_hover_color":"","ocean_display_footer_widgets":"default","ocean_display_footer_bottom":"default","ocean_custom_footer_template":"0","footnotes":""},"class_list":["post-206","page","type-page","status-publish","hentry","entry"],"yoast_head":"<!-- This site is optimized with the Yoast SEO plugin v27.5 - https:\/\/yoast.com\/product\/yoast-seo-wordpress\/ -->\n<title>Beratung und Vermittlung - Projekt PROfessur<\/title>\n<meta name=\"robots\" content=\"index, follow, max-snippet:-1, max-image-preview:large, max-video-preview:-1\" \/>\n<link rel=\"canonical\" href=\"https:\/\/projektprofessur.de\/en\/beratung-und-vermittlung\/\" \/>\n<meta property=\"og:locale\" content=\"en_GB\" \/>\n<meta property=\"og:type\" content=\"article\" \/>\n<meta property=\"og:title\" content=\"Beratung und Vermittlung - Projekt PROfessur\" \/>\n<meta property=\"og:description\" content=\"Beratung und Vermittlung Sie wissen bereits, welche Voraussetzungen Sie f\u00fcr den Start in eine Professur erf\u00fcllen m\u00fcssen und welche Vorbereitungen Sie treffen k\u00f6nnen? Dann beantworten wir Ihnen gerne Ihre individuellen Fragen. Sie haben die M\u00f6glichkeit sich durch Mentorinnen durch Gleichstellungsb\u00fcros oder durch das Projekt PROfessur beraten zu lassen. durch Mentorinnen Unsere Mentorinnen sind Professorinnen der [&hellip;]\" \/>\n<meta property=\"og:url\" content=\"https:\/\/projektprofessur.de\/en\/beratung-und-vermittlung\/\" \/>\n<meta property=\"og:site_name\" content=\"Projekt PROfessur\" \/>\n<meta property=\"article:modified_time\" content=\"2026-02-15T15:53:52+00:00\" \/>\n<meta name=\"twitter:card\" content=\"summary_large_image\" \/>\n<meta name=\"twitter:label1\" content=\"Estimated reading time\" \/>\n\t<meta name=\"twitter:data1\" content=\"1 minute\" \/>\n<script type=\"application\/ld+json\" class=\"yoast-schema-graph\">{\"@context\":\"https:\\\/\\\/schema.org\",\"@graph\":[{\"@type\":\"WebPage\",\"@id\":\"https:\\\/\\\/projektprofessur.de\\\/beratung-und-vermittlung\\\/\",\"url\":\"https:\\\/\\\/projektprofessur.de\\\/beratung-und-vermittlung\\\/\",\"name\":\"Beratung und Vermittlung - Projekt PROfessur\",\"isPartOf\":{\"@id\":\"https:\\\/\\\/projektprofessur.de\\\/#website\"},\"datePublished\":\"2022-04-13T09:35:17+00:00\",\"dateModified\":\"2026-02-15T15:53:52+00:00\",\"breadcrumb\":{\"@id\":\"https:\\\/\\\/projektprofessur.de\\\/beratung-und-vermittlung\\\/#breadcrumb\"},\"inLanguage\":\"en-GB\",\"potentialAction\":[{\"@type\":\"ReadAction\",\"target\":[\"https:\\\/\\\/projektprofessur.de\\\/beratung-und-vermittlung\\\/\"]}]},{\"@type\":\"BreadcrumbList\",\"@id\":\"https:\\\/\\\/projektprofessur.de\\\/beratung-und-vermittlung\\\/#breadcrumb\",\"itemListElement\":[{\"@type\":\"ListItem\",\"position\":1,\"name\":\"Home\",\"item\":\"https:\\\/\\\/projektprofessur.de\\\/\"},{\"@type\":\"ListItem\",\"position\":2,\"name\":\"Beratung und Vermittlung\"}]},{\"@type\":\"WebSite\",\"@id\":\"https:\\\/\\\/projektprofessur.de\\\/#website\",\"url\":\"https:\\\/\\\/projektprofessur.de\\\/\",\"name\":\"Projekt PROfessur\",\"description\":\"\",\"publisher\":{\"@id\":\"https:\\\/\\\/projektprofessur.de\\\/#organization\"},\"potentialAction\":[{\"@type\":\"SearchAction\",\"target\":{\"@type\":\"EntryPoint\",\"urlTemplate\":\"https:\\\/\\\/projektprofessur.de\\\/?s={search_term_string}\"},\"query-input\":{\"@type\":\"PropertyValueSpecification\",\"valueRequired\":true,\"valueName\":\"search_term_string\"}}],\"inLanguage\":\"en-GB\"},{\"@type\":\"Organization\",\"@id\":\"https:\\\/\\\/projektprofessur.de\\\/#organization\",\"name\":\"Projekt PROfessur\",\"url\":\"https:\\\/\\\/projektprofessur.de\\\/\",\"logo\":{\"@type\":\"ImageObject\",\"inLanguage\":\"en-GB\",\"@id\":\"https:\\\/\\\/projektprofessur.de\\\/#\\\/schema\\\/logo\\\/image\\\/\",\"url\":\"https:\\\/\\\/projektprofessur.de\\\/wp-content\\\/uploads\\\/2022\\\/02\\\/logo.svg\",\"contentUrl\":\"https:\\\/\\\/projektprofessur.de\\\/wp-content\\\/uploads\\\/2022\\\/02\\\/logo.svg\",\"caption\":\"Projekt PROfessur\"},\"image\":{\"@id\":\"https:\\\/\\\/projektprofessur.de\\\/#\\\/schema\\\/logo\\\/image\\\/\"}}]}<\/script>\n<!-- \/ Yoast SEO plugin. -->","yoast_head_json":{"title":"Beratung und Vermittlung - Projekt PROfessur","robots":{"index":"index","follow":"follow","max-snippet":"max-snippet:-1","max-image-preview":"max-image-preview:large","max-video-preview":"max-video-preview:-1"},"canonical":"https:\/\/projektprofessur.de\/en\/beratung-und-vermittlung\/","og_locale":"en_GB","og_type":"article","og_title":"Beratung und Vermittlung - Projekt PROfessur","og_description":"Beratung und Vermittlung Sie wissen bereits, welche Voraussetzungen Sie f\u00fcr den Start in eine Professur erf\u00fcllen m\u00fcssen und welche Vorbereitungen Sie treffen k\u00f6nnen? Dann beantworten wir Ihnen gerne Ihre individuellen Fragen. Sie haben die M\u00f6glichkeit sich durch Mentorinnen durch Gleichstellungsb\u00fcros oder durch das Projekt PROfessur beraten zu lassen. durch Mentorinnen Unsere Mentorinnen sind Professorinnen der [&hellip;]","og_url":"https:\/\/projektprofessur.de\/en\/beratung-und-vermittlung\/","og_site_name":"Projekt PROfessur","article_modified_time":"2026-02-15T15:53:52+00:00","twitter_card":"summary_large_image","twitter_misc":{"Estimated reading time":"1 minute"},"schema":{"@context":"https:\/\/schema.org","@graph":[{"@type":"WebPage","@id":"https:\/\/projektprofessur.de\/beratung-und-vermittlung\/","url":"https:\/\/projektprofessur.de\/beratung-und-vermittlung\/","name":"Beratung und Vermittlung - Projekt PROfessur","isPartOf":{"@id":"https:\/\/projektprofessur.de\/#website"},"datePublished":"2022-04-13T09:35:17+00:00","dateModified":"2026-02-15T15:53:52+00:00","breadcrumb":{"@id":"https:\/\/projektprofessur.de\/beratung-und-vermittlung\/#breadcrumb"},"inLanguage":"en-GB","potentialAction":[{"@type":"ReadAction","target":["https:\/\/projektprofessur.de\/beratung-und-vermittlung\/"]}]},{"@type":"BreadcrumbList","@id":"https:\/\/projektprofessur.de\/beratung-und-vermittlung\/#breadcrumb","itemListElement":[{"@type":"ListItem","position":1,"name":"Home","item":"https:\/\/projektprofessur.de\/"},{"@type":"ListItem","position":2,"name":"Beratung und Vermittlung"}]},{"@type":"WebSite","@id":"https:\/\/projektprofessur.de\/#website","url":"https:\/\/projektprofessur.de\/","name":"PROfessorship project","description":"","publisher":{"@id":"https:\/\/projektprofessur.de\/#organization"},"potentialAction":[{"@type":"SearchAction","target":{"@type":"EntryPoint","urlTemplate":"https:\/\/projektprofessur.de\/?s={search_term_string}"},"query-input":{"@type":"PropertyValueSpecification","valueRequired":true,"valueName":"search_term_string"}}],"inLanguage":"en-GB"},{"@type":"Organization","@id":"https:\/\/projektprofessur.de\/#organization","name":"PROfessorship project","url":"https:\/\/projektprofessur.de\/","logo":{"@type":"ImageObject","inLanguage":"en-GB","@id":"https:\/\/projektprofessur.de\/#\/schema\/logo\/image\/","url":"https:\/\/projektprofessur.de\/wp-content\/uploads\/2022\/02\/logo.svg","contentUrl":"https:\/\/projektprofessur.de\/wp-content\/uploads\/2022\/02\/logo.svg","caption":"Projekt PROfessur"},"image":{"@id":"https:\/\/projektprofessur.de\/#\/schema\/logo\/image\/"}}]}},"_links":{"self":[{"href":"https:\/\/projektprofessur.de\/en\/wp-json\/wp\/v2\/pages\/206","targetHints":{"allow":["GET"]}}],"collection":[{"href":"https:\/\/projektprofessur.de\/en\/wp-json\/wp\/v2\/pages"}],"about":[{"href":"https:\/\/projektprofessur.de\/en\/wp-json\/wp\/v2\/types\/page"}],"author":[{"embeddable":true,"href":"https:\/\/projektprofessur.de\/en\/wp-json\/wp\/v2\/users\/2"}],"replies":[{"embeddable":true,"href":"https:\/\/projektprofessur.de\/en\/wp-json\/wp\/v2\/comments?post=206"}],"version-history":[{"count":11,"href":"https:\/\/projektprofessur.de\/en\/wp-json\/wp\/v2\/pages\/206\/revisions"}],"predecessor-version":[{"id":1656,"href":"https:\/\/projektprofessur.de\/en\/wp-json\/wp\/v2\/pages\/206\/revisions\/1656"}],"wp:attachment":[{"href":"https:\/\/projektprofessur.de\/en\/wp-json\/wp\/v2\/media?parent=206"}],"curies":[{"name":"wp","href":"https:\/\/api.w.org\/{rel}","templated":true}]}}