{"id":6,"date":"2022-02-08T08:49:19","date_gmt":"2022-02-08T07:49:19","guid":{"rendered":"https:\/\/projekt-professur.de\/?page_id=6"},"modified":"2026-04-23T20:13:37","modified_gmt":"2026-04-23T18:13:37","slug":"startseite","status":"publish","type":"page","link":"https:\/\/projektprofessur.de\/en\/","title":{"rendered":"Homepage"},"content":{"rendered":"<p>Teaching, Research &amp; Practice<\/p>\n<h1>\n\t\t\tYour future <br \/>as professor\t<\/h1>\n\t<p>The Professorship Project - Your Path to a Diversified Career Perspective<\/p>\n\t<p>The aim of the PROfessur project is to recruit women for a professorship at a university of applied sciences (FH) or a university of applied sciences (HAW). Various FHs and HAWs cooperate to achieve this goal. The network of these cooperating universities informs and advises interested women. It assists in establishing contacts within the network and provides information on subject-specific job advertisements.\u00a0<\/p>\n\t<p>We - the women's and equal opportunities representatives - see this as a great opportunity to increase the number of female professors.<\/p>\n<h2>\n\t\t\tBecome a professor\t<\/h2>\n\t\t\t <p>Do you love science and research?<\/p>\t\t\n\t\t\t <p>And likewise your practical work?<\/p>\t\t\n\t\t\t <p>Do you like working with young people?<\/p>\n\t\t\t <p>And do you feel like passing on your knowledge?<\/p>\t\t\n\t\t\t <p>A secure job is important to you?<\/p>\t\t\n\t<p>Then become a professor at a UAS or HAW and combine teaching, research and practice.<\/p>\n<figure itemscope itemtype=\"https:\/\/schema.org\/ImageObject\">\n\t\t\t\t<img decoding=\"async\" src=\"https:\/\/projektprofessur.de\/wp-content\/uploads\/2022\/04\/projekt-professur-graphic-03.png\" alt=\"projekt-professur-graphic-03\" title=\"project-professorship-graphic-03\" onerror=\"this.style.display='none'\" loading=\"lazy\" \/>\n\t<\/figure>\n<h3>\n\t\t\tTeaching\t<\/h3>\n\t<p>Share your knowledge from your daily work and university life. Be a role model and share your female perspective and experiences with students. Hold lectures and educate the professionals of tomorrow.<\/p>\nResults from this first phase of the project are available in a <strong>Interim report<\/strong> at the end of 2002, the <strong>Report on the second project set-up phase January - June 2003<\/strong> and the <strong>Evaluation of an online survey 2004<\/strong> and the <strong>Results of the more comprehensive evaluation in 2006<\/strong> summarised. Since then, current developments have been documented annually in a smaller evaluation.\n<p>For the period from May 2002 to December 2006 inclusive, the project was funded by the MWK. Since January 2007, \"PROfessur\" has been continued by the participating universities in Lower Saxony from their own funds. In the meantime, universities in Berlin, Bremen, Hamburg, Mecklenburg-Western Pomerania, North Rhine-Westphalia, Saxony-Anhalt and Schleswig-Holstein have also joined the project.<\/p>\n<h3>\n\t\t\tResearch and practice\t<\/h3>\n\t\t\t <p>At a UAS or HAW, research and practical application go hand in hand.\u00a0<\/p>\t\t\n\t\t\t <p>Use and combine your contacts from the world of science and business.<\/p>\t\t\n\t<h2>\n\t\t\tOur offer\t<\/h2>\n\t<p>We inform you about the requirements for starting as a professor and what preparations you can make. We can also put you in touch with contacts or advise you directly. In order to always be informed about the latest job advertisements, sign up for the subject area distribution list that suits you best.<\/p>\n\t\t\t<a href=\"\/en\/jobs\/#verteiler\"  target=\"_self\">\n\t\t\t\t\t\t\tTo the manifold\n\t\t\t\t\t<\/a>\n<h2>\n\t\t\tContact\t<\/h2>\n\tThe coordinator is Dr Mareike Gerke,<br \/>\nlocated in the Equal Opportunities Office of Hannover University of Applied Sciences and Arts.\n\t<p><a href=\"tel:0511 9296-8089\">0511 9296-7298\u00a0<\/a><\/p>\n<p>(This telephone number may be temporarily unavailable)<\/p>\n\t<p><a href=\"mailto:mareike.gerke@hs-hannover.de\">mareike.gerke@hs-hannover.de<\/a><\/p>\n<p>&nbsp;<\/p>\n<figure itemscope itemtype=\"https:\/\/schema.org\/ImageObject\">\n\t\t\t\t<a href=\"https:\/\/www.linkedin.com\/company\/projekt-professur\"  target=\"_blank\" rel=\"noopener\"  itemprop=\"url\">\n\t\t\t\t<img decoding=\"async\" src=\"https:\/\/projektprofessur.de\/wp-content\/uploads\/2025\/01\/thumbnail_01_Linked-IN-FLaeche-300x243.png\" alt=\"thumbnail_01_Linked IN FLaeche\" title=\"thumbnail_01_Linked IN FLaeche\" onerror=\"this.style.display='none'\" loading=\"lazy\" \/>\n\t\t\t\t<\/a>\n\t<\/figure>","protected":false},"excerpt":{"rendered":"<p>Lehre, Forschung &amp; Praxis Ihre Zukunft als Professorin Das Projekt Professur &#8211; Ihr Weg in eine abwechslungsreiche berufliche Perspektive Das Ziel des Projekts PROfessur ist die Gewinnung von Frauen f\u00fcr eine Professur an einer Fachhochschule (FH) bzw. an einer Hochschule f\u00fcr angewandte Wissenschaft (HAW). F\u00fcr dieses Ziel kooperieren verschiedene FHs und HAWs. Das Netzwerk aus [&hellip;]<\/p>\n","protected":false},"author":2,"featured_media":0,"parent":0,"menu_order":0,"comment_status":"closed","ping_status":"closed","template":"","meta":{"inline_featured_image":false,"ocean_post_layout":"full-screen","ocean_both_sidebars_style":"","ocean_both_sidebars_content_width":0,"ocean_both_sidebars_sidebars_width":0,"ocean_sidebar":"0","ocean_second_sidebar":"0","ocean_disable_margins":"enable","ocean_add_body_class":"","ocean_shortcode_before_top_bar":"","ocean_shortcode_after_top_bar":"","ocean_shortcode_before_header":"","ocean_shortcode_after_header":"","ocean_has_shortcode":"","ocean_shortcode_after_title":"","ocean_shortcode_before_footer_widgets":"","ocean_shortcode_after_footer_widgets":"","ocean_shortcode_before_footer_bottom":"","ocean_shortcode_after_footer_bottom":"","ocean_display_top_bar":"default","ocean_display_header":"default","ocean_header_style":"","ocean_center_header_left_menu":"0","ocean_custom_header_template":"0","ocean_custom_logo":0,"ocean_custom_retina_logo":0,"ocean_custom_logo_max_width":0,"ocean_custom_logo_tablet_max_width":0,"ocean_custom_logo_mobile_max_width":0,"ocean_custom_logo_max_height":0,"ocean_custom_logo_tablet_max_height":0,"ocean_custom_logo_mobile_max_height":0,"ocean_header_custom_menu":"0","ocean_menu_typo_font_family":"0","ocean_menu_typo_font_subset":"","ocean_menu_typo_font_size":0,"ocean_menu_typo_font_size_tablet":0,"ocean_menu_typo_font_size_mobile":0,"ocean_menu_typo_font_size_unit":"px","ocean_menu_typo_font_weight":"","ocean_menu_typo_font_weight_tablet":"","ocean_menu_typo_font_weight_mobile":"","ocean_menu_typo_transform":"","ocean_menu_typo_transform_tablet":"","ocean_menu_typo_transform_mobile":"","ocean_menu_typo_line_height":0,"ocean_menu_typo_line_height_tablet":0,"ocean_menu_typo_line_height_mobile":0,"ocean_menu_typo_line_height_unit":"","ocean_menu_typo_spacing":0,"ocean_menu_typo_spacing_tablet":0,"ocean_menu_typo_spacing_mobile":0,"ocean_menu_typo_spacing_unit":"","ocean_menu_link_color":"","ocean_menu_link_color_hover":"","ocean_menu_link_color_active":"","ocean_menu_link_background":"","ocean_menu_link_hover_background":"","ocean_menu_link_active_background":"","ocean_menu_social_links_bg":"","ocean_menu_social_hover_links_bg":"","ocean_menu_social_links_color":"","ocean_menu_social_hover_links_color":"","ocean_disable_title":"on","ocean_disable_heading":"default","ocean_post_title":"","ocean_post_subheading":"","ocean_post_title_style":"","ocean_post_title_background_color":"","ocean_post_title_background":0,"ocean_post_title_bg_image_position":"","ocean_post_title_bg_image_attachment":"","ocean_post_title_bg_image_repeat":"","ocean_post_title_bg_image_size":"","ocean_post_title_height":0,"ocean_post_title_bg_overlay":0.5,"ocean_post_title_bg_overlay_color":"","ocean_disable_breadcrumbs":"default","ocean_breadcrumbs_color":"","ocean_breadcrumbs_separator_color":"","ocean_breadcrumbs_links_color":"","ocean_breadcrumbs_links_hover_color":"","ocean_display_footer_widgets":"default","ocean_display_footer_bottom":"default","ocean_custom_footer_template":"0","footnotes":""},"class_list":["post-6","page","type-page","status-publish","hentry","entry"],"yoast_head":"<!-- This site is optimized with the Yoast SEO plugin v27.5 - https:\/\/yoast.com\/product\/yoast-seo-wordpress\/ -->\n<title>Startseite - Projekt PROfessur<\/title>\n<meta name=\"robots\" content=\"index, follow, max-snippet:-1, max-image-preview:large, max-video-preview:-1\" \/>\n<link rel=\"canonical\" href=\"https:\/\/projektprofessur.de\/en\/\" \/>\n<meta property=\"og:locale\" content=\"en_GB\" \/>\n<meta property=\"og:type\" content=\"article\" \/>\n<meta property=\"og:title\" content=\"Startseite - Projekt PROfessur\" \/>\n<meta property=\"og:description\" content=\"Lehre, Forschung &amp; Praxis Ihre Zukunft als Professorin Das Projekt Professur &#8211; Ihr Weg in eine abwechslungsreiche berufliche Perspektive Das Ziel des Projekts PROfessur ist die Gewinnung von Frauen f\u00fcr eine Professur an einer Fachhochschule (FH) bzw. an einer Hochschule f\u00fcr angewandte Wissenschaft (HAW). F\u00fcr dieses Ziel kooperieren verschiedene FHs und HAWs. Das Netzwerk aus [&hellip;]\" \/>\n<meta property=\"og:url\" content=\"https:\/\/projektprofessur.de\/en\/\" \/>\n<meta property=\"og:site_name\" content=\"Projekt PROfessur\" \/>\n<meta property=\"article:modified_time\" content=\"2026-04-23T18:13:37+00:00\" \/>\n<meta property=\"og:image\" content=\"https:\/\/projektprofessur.de\/wp-content\/uploads\/2022\/04\/projekt-professur-graphic-03.png\" \/>\n<meta name=\"twitter:card\" content=\"summary_large_image\" \/>\n<meta name=\"twitter:label1\" content=\"Estimated reading time\" \/>\n\t<meta name=\"twitter:data1\" content=\"3 minutes\" \/>\n<script type=\"application\/ld+json\" class=\"yoast-schema-graph\">{\"@context\":\"https:\\\/\\\/schema.org\",\"@graph\":[{\"@type\":\"WebPage\",\"@id\":\"https:\\\/\\\/projektprofessur.de\\\/\",\"url\":\"https:\\\/\\\/projektprofessur.de\\\/\",\"name\":\"Startseite - Projekt PROfessur\",\"isPartOf\":{\"@id\":\"https:\\\/\\\/projektprofessur.de\\\/#website\"},\"primaryImageOfPage\":{\"@id\":\"https:\\\/\\\/projektprofessur.de\\\/#primaryimage\"},\"image\":{\"@id\":\"https:\\\/\\\/projektprofessur.de\\\/#primaryimage\"},\"thumbnailUrl\":\"https:\\\/\\\/projektprofessur.de\\\/wp-content\\\/uploads\\\/2022\\\/04\\\/projekt-professur-graphic-03.png\",\"datePublished\":\"2022-02-08T07:49:19+00:00\",\"dateModified\":\"2026-04-23T18:13:37+00:00\",\"breadcrumb\":{\"@id\":\"https:\\\/\\\/projektprofessur.de\\\/#breadcrumb\"},\"inLanguage\":\"en-GB\",\"potentialAction\":[{\"@type\":\"ReadAction\",\"target\":[\"https:\\\/\\\/projektprofessur.de\\\/\"]}]},{\"@type\":\"ImageObject\",\"inLanguage\":\"en-GB\",\"@id\":\"https:\\\/\\\/projektprofessur.de\\\/#primaryimage\",\"url\":\"https:\\\/\\\/projektprofessur.de\\\/wp-content\\\/uploads\\\/2022\\\/04\\\/projekt-professur-graphic-03.png\",\"contentUrl\":\"https:\\\/\\\/projektprofessur.de\\\/wp-content\\\/uploads\\\/2022\\\/04\\\/projekt-professur-graphic-03.png\"},{\"@type\":\"BreadcrumbList\",\"@id\":\"https:\\\/\\\/projektprofessur.de\\\/#breadcrumb\",\"itemListElement\":[{\"@type\":\"ListItem\",\"position\":1,\"name\":\"Home\",\"item\":\"https:\\\/\\\/projektprofessur.de\\\/\"},{\"@type\":\"ListItem\",\"position\":2,\"name\":\"Startseite\"}]},{\"@type\":\"WebSite\",\"@id\":\"https:\\\/\\\/projektprofessur.de\\\/#website\",\"url\":\"https:\\\/\\\/projektprofessur.de\\\/\",\"name\":\"Projekt PROfessur\",\"description\":\"\",\"publisher\":{\"@id\":\"https:\\\/\\\/projektprofessur.de\\\/#organization\"},\"potentialAction\":[{\"@type\":\"SearchAction\",\"target\":{\"@type\":\"EntryPoint\",\"urlTemplate\":\"https:\\\/\\\/projektprofessur.de\\\/?s={search_term_string}\"},\"query-input\":{\"@type\":\"PropertyValueSpecification\",\"valueRequired\":true,\"valueName\":\"search_term_string\"}}],\"inLanguage\":\"en-GB\"},{\"@type\":\"Organization\",\"@id\":\"https:\\\/\\\/projektprofessur.de\\\/#organization\",\"name\":\"Projekt PROfessur\",\"url\":\"https:\\\/\\\/projektprofessur.de\\\/\",\"logo\":{\"@type\":\"ImageObject\",\"inLanguage\":\"en-GB\",\"@id\":\"https:\\\/\\\/projektprofessur.de\\\/#\\\/schema\\\/logo\\\/image\\\/\",\"url\":\"https:\\\/\\\/projektprofessur.de\\\/wp-content\\\/uploads\\\/2022\\\/02\\\/logo.svg\",\"contentUrl\":\"https:\\\/\\\/projektprofessur.de\\\/wp-content\\\/uploads\\\/2022\\\/02\\\/logo.svg\",\"caption\":\"Projekt PROfessur\"},\"image\":{\"@id\":\"https:\\\/\\\/projektprofessur.de\\\/#\\\/schema\\\/logo\\\/image\\\/\"}}]}<\/script>\n<!-- \/ Yoast SEO plugin. -->","yoast_head_json":{"title":"Startseite - Projekt PROfessur","robots":{"index":"index","follow":"follow","max-snippet":"max-snippet:-1","max-image-preview":"max-image-preview:large","max-video-preview":"max-video-preview:-1"},"canonical":"https:\/\/projektprofessur.de\/en\/","og_locale":"en_GB","og_type":"article","og_title":"Startseite - Projekt PROfessur","og_description":"Lehre, Forschung &amp; Praxis Ihre Zukunft als Professorin Das Projekt Professur &#8211; Ihr Weg in eine abwechslungsreiche berufliche Perspektive Das Ziel des Projekts PROfessur ist die Gewinnung von Frauen f\u00fcr eine Professur an einer Fachhochschule (FH) bzw. an einer Hochschule f\u00fcr angewandte Wissenschaft (HAW). F\u00fcr dieses Ziel kooperieren verschiedene FHs und HAWs. Das Netzwerk aus [&hellip;]","og_url":"https:\/\/projektprofessur.de\/en\/","og_site_name":"Projekt PROfessur","article_modified_time":"2026-04-23T18:13:37+00:00","og_image":[{"url":"https:\/\/projektprofessur.de\/wp-content\/uploads\/2022\/04\/projekt-professur-graphic-03.png","type":"","width":"","height":""}],"twitter_card":"summary_large_image","twitter_misc":{"Estimated reading time":"3 minutes"},"schema":{"@context":"https:\/\/schema.org","@graph":[{"@type":"WebPage","@id":"https:\/\/projektprofessur.de\/","url":"https:\/\/projektprofessur.de\/","name":"Startseite - Projekt PROfessur","isPartOf":{"@id":"https:\/\/projektprofessur.de\/#website"},"primaryImageOfPage":{"@id":"https:\/\/projektprofessur.de\/#primaryimage"},"image":{"@id":"https:\/\/projektprofessur.de\/#primaryimage"},"thumbnailUrl":"https:\/\/projektprofessur.de\/wp-content\/uploads\/2022\/04\/projekt-professur-graphic-03.png","datePublished":"2022-02-08T07:49:19+00:00","dateModified":"2026-04-23T18:13:37+00:00","breadcrumb":{"@id":"https:\/\/projektprofessur.de\/#breadcrumb"},"inLanguage":"en-GB","potentialAction":[{"@type":"ReadAction","target":["https:\/\/projektprofessur.de\/"]}]},{"@type":"ImageObject","inLanguage":"en-GB","@id":"https:\/\/projektprofessur.de\/#primaryimage","url":"https:\/\/projektprofessur.de\/wp-content\/uploads\/2022\/04\/projekt-professur-graphic-03.png","contentUrl":"https:\/\/projektprofessur.de\/wp-content\/uploads\/2022\/04\/projekt-professur-graphic-03.png"},{"@type":"BreadcrumbList","@id":"https:\/\/projektprofessur.de\/#breadcrumb","itemListElement":[{"@type":"ListItem","position":1,"name":"Home","item":"https:\/\/projektprofessur.de\/"},{"@type":"ListItem","position":2,"name":"Startseite"}]},{"@type":"WebSite","@id":"https:\/\/projektprofessur.de\/#website","url":"https:\/\/projektprofessur.de\/","name":"PROfessorship project","description":"","publisher":{"@id":"https:\/\/projektprofessur.de\/#organization"},"potentialAction":[{"@type":"SearchAction","target":{"@type":"EntryPoint","urlTemplate":"https:\/\/projektprofessur.de\/?s={search_term_string}"},"query-input":{"@type":"PropertyValueSpecification","valueRequired":true,"valueName":"search_term_string"}}],"inLanguage":"en-GB"},{"@type":"Organization","@id":"https:\/\/projektprofessur.de\/#organization","name":"PROfessorship project","url":"https:\/\/projektprofessur.de\/","logo":{"@type":"ImageObject","inLanguage":"en-GB","@id":"https:\/\/projektprofessur.de\/#\/schema\/logo\/image\/","url":"https:\/\/projektprofessur.de\/wp-content\/uploads\/2022\/02\/logo.svg","contentUrl":"https:\/\/projektprofessur.de\/wp-content\/uploads\/2022\/02\/logo.svg","caption":"Projekt PROfessur"},"image":{"@id":"https:\/\/projektprofessur.de\/#\/schema\/logo\/image\/"}}]}},"_links":{"self":[{"href":"https:\/\/projektprofessur.de\/en\/wp-json\/wp\/v2\/pages\/6","targetHints":{"allow":["GET"]}}],"collection":[{"href":"https:\/\/projektprofessur.de\/en\/wp-json\/wp\/v2\/pages"}],"about":[{"href":"https:\/\/projektprofessur.de\/en\/wp-json\/wp\/v2\/types\/page"}],"author":[{"embeddable":true,"href":"https:\/\/projektprofessur.de\/en\/wp-json\/wp\/v2\/users\/2"}],"replies":[{"embeddable":true,"href":"https:\/\/projektprofessur.de\/en\/wp-json\/wp\/v2\/comments?post=6"}],"version-history":[{"count":108,"href":"https:\/\/projektprofessur.de\/en\/wp-json\/wp\/v2\/pages\/6\/revisions"}],"predecessor-version":[{"id":1714,"href":"https:\/\/projektprofessur.de\/en\/wp-json\/wp\/v2\/pages\/6\/revisions\/1714"}],"wp:attachment":[{"href":"https:\/\/projektprofessur.de\/en\/wp-json\/wp\/v2\/media?parent=6"}],"curies":[{"name":"wp","href":"https:\/\/api.w.org\/{rel}","templated":true}]}}